{"id":8878,"date":"2025-05-30T15:51:43","date_gmt":"2025-05-30T13:51:43","guid":{"rendered":"https:\/\/amg-trans.eu\/wiedza\/transport-adr\/"},"modified":"2025-11-05T15:21:35","modified_gmt":"2025-11-05T14:21:35","slug":"adr-transport","status":"publish","type":"page","link":"https:\/\/amg-trans.eu\/de\/wissen\/adr-transport\/","title":{"rendered":"Transport ADR"},"content":{"rendered":"\t\t<div data-elementor-type=\"wp-page\" data-elementor-id=\"8878\" class=\"elementor elementor-8878 elementor-3391\">\n\t\t\t\t\t\t<section class=\"elementor-section elementor-top-section elementor-element elementor-element-20497ee2 elementor-section-height-min-height elementor-section-full_width elementor-section-height-default elementor-section-items-middle wpr-particle-no wpr-jarallax-no wpr-parallax-no wpr-sticky-section-no\" data-id=\"20497ee2\" data-element_type=\"section\" data-settings=\"{&quot;background_background&quot;:&quot;gradient&quot;}\">\n\t\t\t\t\t\t\t<div class=\"elementor-background-overlay\"><\/div>\n\t\t\t\t\t\t\t<div class=\"elementor-container elementor-column-gap-default\">\n\t\t\t\t\t<div class=\"elementor-column elementor-col-100 elementor-top-column elementor-element elementor-element-7dd69cb0\" data-id=\"7dd69cb0\" data-element_type=\"column\">\n\t\t\t<div class=\"elementor-widget-wrap elementor-element-populated\">\n\t\t\t\t<div class=\"elementor-element elementor-element-64e07bf4 e-flex e-con-boxed wpr-particle-no wpr-jarallax-no wpr-parallax-no wpr-sticky-section-no e-con e-parent\" data-id=\"64e07bf4\" data-element_type=\"container\">\n\t\t\t\t\t<div class=\"e-con-inner\">\n\t\t\t\t<div class=\"elementor-element elementor-element-3b62fd98 elementor-widget elementor-widget-heading\" data-id=\"3b62fd98\" data-element_type=\"widget\" data-widget_type=\"heading.default\">\n\t\t\t\t<div class=\"elementor-widget-container\">\n\t\t\t\t\t<h2 class=\"elementor-heading-title elementor-size-default\">ADR-Transport<\/h2>\t\t\t\t<\/div>\n\t\t\t\t<\/div>\n\t\t\t\t<div class=\"elementor-element elementor-element-7e14d1e4 elementor-widget-divider--view-line elementor-widget elementor-widget-divider\" data-id=\"7e14d1e4\" data-element_type=\"widget\" data-widget_type=\"divider.default\">\n\t\t\t\t<div class=\"elementor-widget-container\">\n\t\t\t\t\t\t\t<div class=\"elementor-divider\">\n\t\t\t<span class=\"elementor-divider-separator\">\n\t\t\t\t\t\t<\/span>\n\t\t<\/div>\n\t\t\t\t\t\t<\/div>\n\t\t\t\t<\/div>\n\t\t\t\t<div class=\"elementor-element elementor-element-3c48f03f elementor-widget__width-initial elementor-widget-mobile__width-initial elementor-widget elementor-widget-text-editor\" data-id=\"3c48f03f\" data-element_type=\"widget\" data-widget_type=\"text-editor.default\">\n\t\t\t\t<div class=\"elementor-widget-container\">\n\t\t\t\t\t\t\t\t\t<p>ADR-Transport ist eine spezialisierte L\u00f6sung f\u00fcr den sicheren Transport gef\u00e4hrlicher G\u00fcter. Er erfordert besondere Sorgfalt, Fachkompetenz und die Einhaltung internationaler Vorschriften. Diese Transportart ist ein zentraler Bestandteil der Logistik in Branchen wie Chemie, Energie und Pharma, wo Sicherheit und Pr\u00e4zision oberste Priorit\u00e4t haben.<\/p>\n\t\t\t\t\t\t\t\t<\/div>\n\t\t\t\t<\/div>\n\t\t\t\t\t<\/div>\n\t\t\t\t<\/div>\n\t\t\t\t\t<\/div>\n\t\t<\/div>\n\t\t\t\t\t<\/div>\n\t\t<\/section>\n\t\t\t\t<section class=\"elementor-section elementor-top-section elementor-element elementor-element-2d7b023b elementor-section-height-min-height elementor-section-full_width elementor-section-height-default elementor-section-items-middle wpr-particle-no wpr-jarallax-no wpr-parallax-no wpr-sticky-section-no\" data-id=\"2d7b023b\" data-element_type=\"section\" data-settings=\"{&quot;background_background&quot;:&quot;gradient&quot;}\">\n\t\t\t\t\t\t\t<div class=\"elementor-background-overlay\"><\/div>\n\t\t\t\t\t\t\t<div class=\"elementor-container elementor-column-gap-default\">\n\t\t\t\t\t<div class=\"elementor-column elementor-col-100 elementor-top-column elementor-element elementor-element-618cfbc8\" data-id=\"618cfbc8\" data-element_type=\"column\">\n\t\t\t<div class=\"elementor-widget-wrap elementor-element-populated\">\n\t\t\t\t<div class=\"elementor-element elementor-element-7207b565 e-flex e-con-boxed wpr-particle-no wpr-jarallax-no wpr-parallax-no wpr-sticky-section-no e-con e-parent\" data-id=\"7207b565\" data-element_type=\"container\">\n\t\t\t\t\t<div class=\"e-con-inner\">\n\t\t\t\t<div class=\"elementor-element elementor-element-34ae98f9 elementor-widget elementor-widget-spacer\" data-id=\"34ae98f9\" data-element_type=\"widget\" data-widget_type=\"spacer.default\">\n\t\t\t\t<div class=\"elementor-widget-container\">\n\t\t\t\t\t\t\t<div class=\"elementor-spacer\">\n\t\t\t<div class=\"elementor-spacer-inner\"><\/div>\n\t\t<\/div>\n\t\t\t\t\t\t<\/div>\n\t\t\t\t<\/div>\n\t\t<div class=\"elementor-element elementor-element-17368018 e-con-full e-flex wpr-particle-no wpr-jarallax-no wpr-parallax-no wpr-sticky-section-no e-con e-child\" data-id=\"17368018\" data-element_type=\"container\">\n\t\t\t\t<div class=\"elementor-element elementor-element-7b733ba elementor-widget elementor-widget-heading\" data-id=\"7b733ba\" data-element_type=\"widget\" data-widget_type=\"heading.default\">\n\t\t\t\t<div class=\"elementor-widget-container\">\n\t\t\t\t\t<h3 class=\"elementor-heading-title elementor-size-default\">Empfohlene Artikel<\/h3>\t\t\t\t<\/div>\n\t\t\t\t<\/div>\n\t\t\t\t<div class=\"elementor-element elementor-element-7ef06fbd elementor-widget elementor-widget-elementskit-blog-posts\" data-id=\"7ef06fbd\" data-element_type=\"widget\" data-widget_type=\"elementskit-blog-posts.default\">\n\t\t\t\t<div class=\"elementor-widget-container\">\n\t\t\t\t\t<div class=\"ekit-wid-con\" >        <div id=\"post-items--7ef06fbd\" class=\"row post-items\">\n                <\/div>\n       <\/div>\t\t\t\t<\/div>\n\t\t\t\t<\/div>\n\t\t\t\t<\/div>\n\t\t\t\t<div class=\"elementor-element elementor-element-5a5796bf elementor-widget elementor-widget-spacer\" data-id=\"5a5796bf\" data-element_type=\"widget\" data-widget_type=\"spacer.default\">\n\t\t\t\t<div class=\"elementor-widget-container\">\n\t\t\t\t\t\t\t<div class=\"elementor-spacer\">\n\t\t\t<div class=\"elementor-spacer-inner\"><\/div>\n\t\t<\/div>\n\t\t\t\t\t\t<\/div>\n\t\t\t\t<\/div>\n\t\t\t\t\t<\/div>\n\t\t\t\t<\/div>\n\t\t\t\t\t<\/div>\n\t\t<\/div>\n\t\t\t\t\t<\/div>\n\t\t<\/section>\n\t\t\t\t<section class=\"elementor-section elementor-top-section elementor-element elementor-element-11f98e4a elementor-section-height-min-height elementor-section-full_width elementor-section-height-default elementor-section-items-middle wpr-particle-no wpr-jarallax-no wpr-parallax-no wpr-sticky-section-no\" data-id=\"11f98e4a\" data-element_type=\"section\" data-settings=\"{&quot;background_background&quot;:&quot;gradient&quot;}\">\n\t\t\t\t\t\t\t<div class=\"elementor-background-overlay\"><\/div>\n\t\t\t\t\t\t\t<div class=\"elementor-container elementor-column-gap-default\">\n\t\t\t\t\t<div class=\"elementor-column elementor-col-100 elementor-top-column elementor-element elementor-element-82f252f\" data-id=\"82f252f\" data-element_type=\"column\">\n\t\t\t<div class=\"elementor-widget-wrap elementor-element-populated\">\n\t\t\t\t<div class=\"elementor-element elementor-element-f3c0d54 e-flex e-con-boxed wpr-particle-no wpr-jarallax-no wpr-parallax-no wpr-sticky-section-no e-con e-parent\" data-id=\"f3c0d54\" data-element_type=\"container\">\n\t\t\t\t\t<div class=\"e-con-inner\">\n\t\t<div class=\"elementor-element elementor-element-393ad90c e-con-full e-flex wpr-particle-no wpr-jarallax-no wpr-parallax-no wpr-sticky-section-no e-con e-child\" data-id=\"393ad90c\" data-element_type=\"container\">\n\t\t<div class=\"elementor-element elementor-element-1e9810 e-con-full e-flex wpr-particle-no wpr-jarallax-no wpr-parallax-no wpr-sticky-section-no e-con e-child\" data-id=\"1e9810\" data-element_type=\"container\">\n\t\t\t\t<div class=\"elementor-element elementor-element-5e7ed45c elementor-widget elementor-widget-heading\" data-id=\"5e7ed45c\" data-element_type=\"widget\" data-widget_type=\"heading.default\">\n\t\t\t\t<div class=\"elementor-widget-container\">\n\t\t\t\t\t<h3 class=\"elementor-heading-title elementor-size-default\">Alle Artikel<\/h3>\t\t\t\t<\/div>\n\t\t\t\t<\/div>\n\t\t\t\t<\/div>\n\t\t\t\t<div class=\"elementor-element elementor-element-2563fcf8 elementor-widget elementor-widget-elementskit-blog-posts\" data-id=\"2563fcf8\" data-element_type=\"widget\" data-widget_type=\"elementskit-blog-posts.default\">\n\t\t\t\t<div class=\"elementor-widget-container\">\n\t\t\t\t\t<div class=\"ekit-wid-con\" >        <div id=\"post-items--2563fcf8\" class=\"row post-items\">\n                <\/div>\n       <\/div>\t\t\t\t<\/div>\n\t\t\t\t<\/div>\n\t\t\t\t<\/div>\n\t\t\t\t\t<\/div>\n\t\t\t\t<\/div>\n\t\t\t\t\t<\/div>\n\t\t<\/div>\n\t\t\t\t\t<\/div>\n\t\t<\/section>\n\t\t\t\t<section class=\"elementor-section elementor-top-section elementor-element elementor-element-4e692293 elementor-section-height-min-height elementor-section-full_width elementor-section-height-default elementor-section-items-middle wpr-particle-no wpr-jarallax-no wpr-parallax-no wpr-sticky-section-no\" data-id=\"4e692293\" data-element_type=\"section\" data-settings=\"{&quot;background_background&quot;:&quot;gradient&quot;}\">\n\t\t\t\t\t\t\t<div class=\"elementor-background-overlay\"><\/div>\n\t\t\t\t\t\t\t<div class=\"elementor-container elementor-column-gap-default\">\n\t\t\t\t\t<div class=\"elementor-column elementor-col-100 elementor-top-column elementor-element elementor-element-32c89fcb\" data-id=\"32c89fcb\" data-element_type=\"column\">\n\t\t\t<div class=\"elementor-widget-wrap elementor-element-populated\">\n\t\t\t\t<div class=\"elementor-element elementor-element-98c488e e-flex e-con-boxed wpr-particle-no wpr-jarallax-no wpr-parallax-no wpr-sticky-section-no e-con e-parent\" data-id=\"98c488e\" data-element_type=\"container\">\n\t\t\t\t\t<div class=\"e-con-inner\">\n\t\t<div class=\"elementor-element elementor-element-1ca343bd e-con-full e-flex wpr-particle-no wpr-jarallax-no wpr-parallax-no wpr-sticky-section-no e-con e-child\" data-id=\"1ca343bd\" data-element_type=\"container\">\n\t\t\t\t<div class=\"elementor-element elementor-element-6ef8f566 elementor-widget__width-initial elementor-widget elementor-widget-heading\" data-id=\"6ef8f566\" data-element_type=\"widget\" data-widget_type=\"heading.default\">\n\t\t\t\t<div class=\"elementor-widget-container\">\n\t\t\t\t\t<h2 class=\"elementor-heading-title elementor-size-default\">W\u00e4hlen Sie Ihre Wissenskategorie aus<\/h2>\t\t\t\t<\/div>\n\t\t\t\t<\/div>\n\t\t<div class=\"elementor-element elementor-element-e839614 e-grid e-con-full wpr-particle-no wpr-jarallax-no wpr-parallax-no wpr-sticky-section-no e-con e-child\" data-id=\"e839614\" data-element_type=\"container\">\n\t\t\t\t<div class=\"elementor-element elementor-element-3b9e6335 ekit-equal-height-enable rozciagnij-box elementor-widget elementor-widget-elementskit-icon-box\" data-id=\"3b9e6335\" data-element_type=\"widget\" data-widget_type=\"elementskit-icon-box.default\">\n\t\t\t\t<div class=\"elementor-widget-container\">\n\t\t\t\t\t<div class=\"ekit-wid-con\" >        <!-- link opening -->\n                <a href=\"https:\/\/amg-trans.eu\/de\/wissen\/internationale-spedition\/\" class=\"ekit_global_links\">\n                <!-- end link opening -->\n\n        <div class=\"elementskit-infobox text-center text-center icon-top-align elementor-animation-   \">\n                    <div class=\"elementskit-box-header elementor-animation-\">\n                <div class=\"elementskit-info-box-icon  \">\n                    <i aria-hidden=\"true\" class=\"elementkit-infobox-icon xlwpf wppb-font-box\"><\/i>\n                <\/div>\n          <\/div>\n                        <div class=\"box-body\">\n                            <h4 class=\"elementskit-info-box-title\">\n                    Internationaler Versand                <\/h4>\n                                            <\/div>\n        \n        \n                <\/div>\n                <\/a>\n        <\/div>\t\t\t\t<\/div>\n\t\t\t\t<\/div>\n\t\t\t\t<div class=\"elementor-element elementor-element-792b8871 ekit-equal-height-enable rozciagnij-box elementor-widget elementor-widget-elementskit-icon-box\" data-id=\"792b8871\" data-element_type=\"widget\" data-widget_type=\"elementskit-icon-box.default\">\n\t\t\t\t<div class=\"elementor-widget-container\">\n\t\t\t\t\t<div class=\"ekit-wid-con\" >        <!-- link opening -->\n                <a href=\"https:\/\/amg-trans.eu\/de\/wissen\/strassentransport-bis-35-tonnen\/\" class=\"ekit_global_links\">\n                <!-- end link opening -->\n\n        <div class=\"elementskit-infobox text-center text-center icon-top-align elementor-animation-   \">\n                    <div class=\"elementskit-box-header elementor-animation-\">\n                <div class=\"elementskit-info-box-icon  \">\n                    <i aria-hidden=\"true\" class=\"elementkit-infobox-icon icon icon-truck-2\"><\/i>\n                <\/div>\n          <\/div>\n                        <div class=\"box-body\">\n                            <h4 class=\"elementskit-info-box-title\">\n                    Stra\u00dfentransport bis 3,5 t                <\/h4>\n                        \t\t  \t<p>\n<\/p>\n                                <\/div>\n        \n        \n                <\/div>\n                <\/a>\n        <\/div>\t\t\t\t<\/div>\n\t\t\t\t<\/div>\n\t\t\t\t<div class=\"elementor-element elementor-element-272c9842 ekit-equal-height-enable rozciagnij-box elementor-widget elementor-widget-elementskit-icon-box\" data-id=\"272c9842\" data-element_type=\"widget\" data-widget_type=\"elementskit-icon-box.default\">\n\t\t\t\t<div class=\"elementor-widget-container\">\n\t\t\t\t\t<div class=\"ekit-wid-con\" >        <!-- link opening -->\n                <a href=\"https:\/\/amg-trans.eu\/de\/wissen\/adr-transport\/\" class=\"ekit_global_links\">\n                <!-- end link opening -->\n\n        <div class=\"elementskit-infobox text-center text-center icon-top-align elementor-animation-   \">\n                    <div class=\"elementskit-box-header elementor-animation-\">\n                <div class=\"elementskit-info-box-icon  \">\n                    <i aria-hidden=\"true\" class=\"elementkit-infobox-icon xlwpf wppb-font-fire\"><\/i>\n                <\/div>\n          <\/div>\n                        <div class=\"box-body\">\n                            <h4 class=\"elementskit-info-box-title\">\n                    ADR-Transport                <\/h4>\n                        \t\t  \t<p>\n<\/p>\n                                <\/div>\n        \n        \n                <\/div>\n                <\/a>\n        <\/div>\t\t\t\t<\/div>\n\t\t\t\t<\/div>\n\t\t\t\t<div class=\"elementor-element elementor-element-35b6a094 ekit-equal-height-enable rozciagnij-box elementor-widget elementor-widget-elementskit-icon-box\" data-id=\"35b6a094\" data-element_type=\"widget\" data-widget_type=\"elementskit-icon-box.default\">\n\t\t\t\t<div class=\"elementor-widget-container\">\n\t\t\t\t\t<div class=\"ekit-wid-con\" >        <!-- link opening -->\n                <a href=\"#\" class=\"ekit_global_links\">\n                <!-- end link opening -->\n\n        <div class=\"elementskit-infobox text-center text-center icon-top-align elementor-animation-   \">\n                    <div class=\"elementskit-box-header elementor-animation-\">\n                <div class=\"elementskit-info-box-icon  \">\n                    <i aria-hidden=\"true\" class=\"elementkit-infobox-icon xlwpf wppb-font-truck\"><\/i>\n                <\/div>\n          <\/div>\n                        <div class=\"box-body\">\n                            <h4 class=\"elementskit-info-box-title\">\n                    Express-Transport                <\/h4>\n                                            <\/div>\n        \n        \n                <\/div>\n                <\/a>\n        <\/div>\t\t\t\t<\/div>\n\t\t\t\t<\/div>\n\t\t\t\t<div class=\"elementor-element elementor-element-14f8839b ekit-equal-height-enable rozciagnij-box elementor-widget elementor-widget-elementskit-icon-box\" data-id=\"14f8839b\" data-element_type=\"widget\" data-widget_type=\"elementskit-icon-box.default\">\n\t\t\t\t<div class=\"elementor-widget-container\">\n\t\t\t\t\t<div class=\"ekit-wid-con\" >        <!-- link opening -->\n                <a href=\"https:\/\/amg-trans.eu\/de\/wissen\/kabotage-in-der-eu\/\" class=\"ekit_global_links\">\n                <!-- end link opening -->\n\n        <div class=\"elementskit-infobox text-center text-center icon-top-align elementor-animation-   \">\n                    <div class=\"elementskit-box-header elementor-animation-\">\n                <div class=\"elementskit-info-box-icon  \">\n                    <i aria-hidden=\"true\" class=\"elementkit-infobox-icon icon icon-globe\"><\/i>\n                <\/div>\n          <\/div>\n                        <div class=\"box-body\">\n                            <h4 class=\"elementskit-info-box-title\">\n                    Kabotage in der EU                <\/h4>\n                                            <\/div>\n        \n        \n                <\/div>\n                <\/a>\n        <\/div>\t\t\t\t<\/div>\n\t\t\t\t<\/div>\n\t\t\t\t<\/div>\n\t\t\t\t<\/div>\n\t\t\t\t\t<\/div>\n\t\t\t\t<\/div>\n\t\t\t\t\t<\/div>\n\t\t<\/div>\n\t\t\t\t\t<\/div>\n\t\t<\/section>\n\t\t\t\t<\/div>\n\t\t","protected":false},"excerpt":{"rendered":"<p>ADR-Transport ADR-Transport ist eine spezialisierte L\u00f6sung f\u00fcr den sicheren Transport gef\u00e4hrlicher G\u00fcter. Er erfordert besondere Sorgfalt, Fachkompetenz und die Einhaltung internationaler Vorschriften. Diese Transportart ist ein zentraler Bestandteil der Logistik in Branchen wie Chemie, Energie und Pharma, wo Sicherheit und Pr\u00e4zision oberste Priorit\u00e4t haben. Empfohlene Artikel Alle Artikel W\u00e4hlen Sie Ihre Wissenskategorie aus Internationaler Versand Stra\u00dfentransport bis 3,5 t ADR-Transport Express-Transport Kabotage in der EU<\/p>\n","protected":false},"author":1,"featured_media":0,"parent":8866,"menu_order":0,"comment_status":"closed","ping_status":"closed","template":"","meta":{"_mo_disable_npp":"","_uag_custom_page_level_css":"","footnotes":""},"class_list":["post-8878","page","type-page","status-publish","hentry"],"blocksy_meta":[],"yoast_head":"<!-- This site is optimized with the Yoast SEO plugin v26.2 - https:\/\/yoast.com\/wordpress\/plugins\/seo\/ -->\n<title>Transport ADR - AMG-trans.eu<\/title>\n<meta name=\"robots\" content=\"noindex, follow\" \/>\n<meta property=\"og:locale\" content=\"de_DE\" \/>\n<meta property=\"og:type\" content=\"article\" \/>\n<meta property=\"og:title\" content=\"Transport ADR - AMG-trans.eu\" \/>\n<meta property=\"og:description\" content=\"ADR-Transport ADR-Transport ist eine spezialisierte L\u00f6sung f\u00fcr den sicheren Transport gef\u00e4hrlicher G\u00fcter. Er erfordert besondere Sorgfalt, Fachkompetenz und die Einhaltung internationaler Vorschriften. Diese Transportart ist ein zentraler Bestandteil der Logistik in Branchen wie Chemie, Energie und Pharma, wo Sicherheit und Pr\u00e4zision oberste Priorit\u00e4t haben. Empfohlene Artikel Alle Artikel W\u00e4hlen Sie Ihre Wissenskategorie aus Internationaler Versand Stra\u00dfentransport bis 3,5 t ADR-Transport Express-Transport Kabotage in der EU\" \/>\n<meta property=\"og:url\" content=\"https:\/\/amg-trans.eu\/de\/wissen\/adr-transport\/\" \/>\n<meta property=\"og:site_name\" content=\"AMG-trans.eu\" \/>\n<meta property=\"article:publisher\" content=\"https:\/\/www.facebook.com\/people\/AMG-Trans-Smart-Road-Operations-for-People\/61572294089625\/\" \/>\n<meta property=\"article:modified_time\" content=\"2025-11-05T14:21:35+00:00\" \/>\n<meta name=\"twitter:card\" content=\"summary_large_image\" \/>\n<meta name=\"twitter:label1\" content=\"Gesch\u00e4tzte Lesezeit\" \/>\n\t<meta name=\"twitter:data1\" content=\"1\u00a0Minute\" \/>\n<script type=\"application\/ld+json\" class=\"yoast-schema-graph\">{\"@context\":\"https:\/\/schema.org\",\"@graph\":[{\"@type\":\"WebPage\",\"@id\":\"https:\/\/amg-trans.eu\/de\/wissen\/adr-transport\/\",\"url\":\"https:\/\/amg-trans.eu\/de\/wissen\/adr-transport\/\",\"name\":\"Transport ADR - AMG-trans.eu\",\"isPartOf\":{\"@id\":\"https:\/\/amg-trans.eu\/de\/#website\"},\"datePublished\":\"2025-05-30T13:51:43+00:00\",\"dateModified\":\"2025-11-05T14:21:35+00:00\",\"breadcrumb\":{\"@id\":\"https:\/\/amg-trans.eu\/de\/wissen\/adr-transport\/#breadcrumb\"},\"inLanguage\":\"de\",\"potentialAction\":[{\"@type\":\"ReadAction\",\"target\":[\"https:\/\/amg-trans.eu\/de\/wissen\/adr-transport\/\"]}]},{\"@type\":\"BreadcrumbList\",\"@id\":\"https:\/\/amg-trans.eu\/de\/wissen\/adr-transport\/#breadcrumb\",\"itemListElement\":[{\"@type\":\"ListItem\",\"position\":1,\"name\":\"Startseite\",\"item\":\"https:\/\/amg-trans.eu\/de\/\"},{\"@type\":\"ListItem\",\"position\":2,\"name\":\"Wissen\",\"item\":\"https:\/\/amg-trans.eu\/de\/wiedza\/\"},{\"@type\":\"ListItem\",\"position\":3,\"name\":\"Transport ADR\"}]},{\"@type\":\"WebSite\",\"@id\":\"https:\/\/amg-trans.eu\/de\/#website\",\"url\":\"https:\/\/amg-trans.eu\/de\/\",\"name\":\"AMG-trans.eu\",\"description\":\"AMG Trans \u2013 transport mi\u0119dzynarodowy do 3,5t, przewozy ekspresowe\",\"publisher\":{\"@id\":\"https:\/\/amg-trans.eu\/de\/#organization\"},\"potentialAction\":[{\"@type\":\"SearchAction\",\"target\":{\"@type\":\"EntryPoint\",\"urlTemplate\":\"https:\/\/amg-trans.eu\/de\/?s={search_term_string}\"},\"query-input\":{\"@type\":\"PropertyValueSpecification\",\"valueRequired\":true,\"valueName\":\"search_term_string\"}}],\"inLanguage\":\"de\"},{\"@type\":\"Organization\",\"@id\":\"https:\/\/amg-trans.eu\/de\/#organization\",\"name\":\"AMG-trans.eu\",\"url\":\"https:\/\/amg-trans.eu\/de\/\",\"logo\":{\"@type\":\"ImageObject\",\"inLanguage\":\"de\",\"@id\":\"https:\/\/amg-trans.eu\/de\/#\/schema\/logo\/image\/\",\"url\":\"https:\/\/amg-trans.eu\/wp-content\/uploads\/2024\/12\/Logo-amg-trans-yellow-png.png\",\"contentUrl\":\"https:\/\/amg-trans.eu\/wp-content\/uploads\/2024\/12\/Logo-amg-trans-yellow-png.png\",\"width\":835,\"height\":626,\"caption\":\"AMG-trans.eu\"},\"image\":{\"@id\":\"https:\/\/amg-trans.eu\/de\/#\/schema\/logo\/image\/\"},\"sameAs\":[\"https:\/\/www.facebook.com\/people\/AMG-Trans-Smart-Road-Operations-for-People\/61572294089625\/\",\"https:\/\/www.linkedin.com\/company\/amg-trans-eu\/\"]}]}<\/script>\n<!-- \/ Yoast SEO plugin. -->","yoast_head_json":{"title":"Transport ADR - AMG-trans.eu","robots":{"index":"noindex","follow":"follow"},"og_locale":"de_DE","og_type":"article","og_title":"Transport ADR - AMG-trans.eu","og_description":"ADR-Transport ADR-Transport ist eine spezialisierte L\u00f6sung f\u00fcr den sicheren Transport gef\u00e4hrlicher G\u00fcter. Er erfordert besondere Sorgfalt, Fachkompetenz und die Einhaltung internationaler Vorschriften. Diese Transportart ist ein zentraler Bestandteil der Logistik in Branchen wie Chemie, Energie und Pharma, wo Sicherheit und Pr\u00e4zision oberste Priorit\u00e4t haben. Empfohlene Artikel Alle Artikel W\u00e4hlen Sie Ihre Wissenskategorie aus Internationaler Versand Stra\u00dfentransport bis 3,5 t ADR-Transport Express-Transport Kabotage in der EU","og_url":"https:\/\/amg-trans.eu\/de\/wissen\/adr-transport\/","og_site_name":"AMG-trans.eu","article_publisher":"https:\/\/www.facebook.com\/people\/AMG-Trans-Smart-Road-Operations-for-People\/61572294089625\/","article_modified_time":"2025-11-05T14:21:35+00:00","twitter_card":"summary_large_image","twitter_misc":{"Gesch\u00e4tzte Lesezeit":"1\u00a0Minute"},"schema":{"@context":"https:\/\/schema.org","@graph":[{"@type":"WebPage","@id":"https:\/\/amg-trans.eu\/de\/wissen\/adr-transport\/","url":"https:\/\/amg-trans.eu\/de\/wissen\/adr-transport\/","name":"Transport ADR - AMG-trans.eu","isPartOf":{"@id":"https:\/\/amg-trans.eu\/de\/#website"},"datePublished":"2025-05-30T13:51:43+00:00","dateModified":"2025-11-05T14:21:35+00:00","breadcrumb":{"@id":"https:\/\/amg-trans.eu\/de\/wissen\/adr-transport\/#breadcrumb"},"inLanguage":"de","potentialAction":[{"@type":"ReadAction","target":["https:\/\/amg-trans.eu\/de\/wissen\/adr-transport\/"]}]},{"@type":"BreadcrumbList","@id":"https:\/\/amg-trans.eu\/de\/wissen\/adr-transport\/#breadcrumb","itemListElement":[{"@type":"ListItem","position":1,"name":"Startseite","item":"https:\/\/amg-trans.eu\/de\/"},{"@type":"ListItem","position":2,"name":"Wissen","item":"https:\/\/amg-trans.eu\/de\/wiedza\/"},{"@type":"ListItem","position":3,"name":"Transport ADR"}]},{"@type":"WebSite","@id":"https:\/\/amg-trans.eu\/de\/#website","url":"https:\/\/amg-trans.eu\/de\/","name":"AMG-trans.eu","description":"AMG Trans \u2013 transport mi\u0119dzynarodowy do 3,5t, przewozy ekspresowe","publisher":{"@id":"https:\/\/amg-trans.eu\/de\/#organization"},"potentialAction":[{"@type":"SearchAction","target":{"@type":"EntryPoint","urlTemplate":"https:\/\/amg-trans.eu\/de\/?s={search_term_string}"},"query-input":{"@type":"PropertyValueSpecification","valueRequired":true,"valueName":"search_term_string"}}],"inLanguage":"de"},{"@type":"Organization","@id":"https:\/\/amg-trans.eu\/de\/#organization","name":"AMG-trans.eu","url":"https:\/\/amg-trans.eu\/de\/","logo":{"@type":"ImageObject","inLanguage":"de","@id":"https:\/\/amg-trans.eu\/de\/#\/schema\/logo\/image\/","url":"https:\/\/amg-trans.eu\/wp-content\/uploads\/2024\/12\/Logo-amg-trans-yellow-png.png","contentUrl":"https:\/\/amg-trans.eu\/wp-content\/uploads\/2024\/12\/Logo-amg-trans-yellow-png.png","width":835,"height":626,"caption":"AMG-trans.eu"},"image":{"@id":"https:\/\/amg-trans.eu\/de\/#\/schema\/logo\/image\/"},"sameAs":["https:\/\/www.facebook.com\/people\/AMG-Trans-Smart-Road-Operations-for-People\/61572294089625\/","https:\/\/www.linkedin.com\/company\/amg-trans-eu\/"]}]}},"uagb_featured_image_src":{"full":false,"thumbnail":false,"medium":false,"medium_large":false,"large":false,"1536x1536":false,"2048x2048":false,"htmega_size_585x295":false,"htmega_size_1170x536":false,"htmega_size_396x360":false},"uagb_author_info":{"display_name":"ola","author_link":"https:\/\/amg-trans.eu\/de\/blog\/author\/ola\/"},"uagb_comment_info":0,"uagb_excerpt":"ADR-Transport ADR-Transport ist eine spezialisierte L\u00f6sung f\u00fcr den sicheren Transport gef\u00e4hrlicher G\u00fcter. Er erfordert besondere Sorgfalt, Fachkompetenz und die Einhaltung internationaler Vorschriften. Diese Transportart ist ein zentraler Bestandteil der Logistik in Branchen wie Chemie, Energie und Pharma, wo Sicherheit und Pr\u00e4zision oberste Priorit\u00e4t haben. Empfohlene Artikel Alle Artikel W\u00e4hlen Sie Ihre Wissenskategorie aus Internationaler Versand&hellip;","_links":{"self":[{"href":"https:\/\/amg-trans.eu\/de\/wp-json\/wp\/v2\/pages\/8878","targetHints":{"allow":["GET"]}}],"collection":[{"href":"https:\/\/amg-trans.eu\/de\/wp-json\/wp\/v2\/pages"}],"about":[{"href":"https:\/\/amg-trans.eu\/de\/wp-json\/wp\/v2\/types\/page"}],"author":[{"embeddable":true,"href":"https:\/\/amg-trans.eu\/de\/wp-json\/wp\/v2\/users\/1"}],"replies":[{"embeddable":true,"href":"https:\/\/amg-trans.eu\/de\/wp-json\/wp\/v2\/comments?post=8878"}],"version-history":[{"count":3,"href":"https:\/\/amg-trans.eu\/de\/wp-json\/wp\/v2\/pages\/8878\/revisions"}],"predecessor-version":[{"id":8899,"href":"https:\/\/amg-trans.eu\/de\/wp-json\/wp\/v2\/pages\/8878\/revisions\/8899"}],"up":[{"embeddable":true,"href":"https:\/\/amg-trans.eu\/de\/wp-json\/wp\/v2\/pages\/8866"}],"wp:attachment":[{"href":"https:\/\/amg-trans.eu\/de\/wp-json\/wp\/v2\/media?parent=8878"}],"curies":[{"name":"wp","href":"https:\/\/api.w.org\/{rel}","templated":true}]}}